{"id":301,"date":"2020-10-22T03:09:38","date_gmt":"2020-10-22T03:09:38","guid":{"rendered":"https:\/\/mullein.mx\/index.php\/about\/"},"modified":"2022-02-25T05:11:50","modified_gmt":"2022-02-25T05:11:50","slug":"about","status":"publish","type":"page","link":"https:\/\/mullein.mx\/index.php\/about\/","title":{"rendered":"Empresa"},"content":{"rendered":"\t\t<div data-elementor-type=\"wp-page\" data-elementor-id=\"301\" class=\"elementor elementor-301\" data-elementor-settings=\"[]\">\n\t\t\t\t\t\t\t<div class=\"elementor-section-wrap\">\n\t\t\t\t\t\t\t<section class=\"elementor-section elementor-top-section elementor-element elementor-element-8e93e7f elementor-section-boxed elementor-section-height-default elementor-section-height-default\" data-id=\"8e93e7f\" data-element_type=\"section\" data-settings=\"{&quot;background_background&quot;:&quot;classic&quot;}\">\n\t\t\t\t\t\t<div class=\"elementor-container elementor-column-gap-no\">\n\t\t\t\t\t<div class=\"elementor-column elementor-col-100 elementor-top-column elementor-element elementor-element-2bdcf32\" data-id=\"2bdcf32\" data-element_type=\"column\">\n\t\t\t<div class=\"elementor-widget-wrap elementor-element-populated\">\n\t\t\t\t\t\t\t\t<div class=\"elementor-element elementor-element-09a3f83 elementor-widget elementor-widget-heading\" data-id=\"09a3f83\" data-element_type=\"widget\" data-widget_type=\"heading.default\">\n\t\t\t\t<div class=\"elementor-widget-container\">\n\t\t\t<style>\/*! elementor - v3.5.5 - 03-02-2022 *\/\n.elementor-heading-title{padding:0;margin:0;line-height:1}.elementor-widget-heading .elementor-heading-title[class*=elementor-size-]>a{color:inherit;font-size:inherit;line-height:inherit}.elementor-widget-heading .elementor-heading-title.elementor-size-small{font-size:15px}.elementor-widget-heading .elementor-heading-title.elementor-size-medium{font-size:19px}.elementor-widget-heading .elementor-heading-title.elementor-size-large{font-size:29px}.elementor-widget-heading .elementor-heading-title.elementor-size-xl{font-size:39px}.elementor-widget-heading .elementor-heading-title.elementor-size-xxl{font-size:59px}<\/style><h2 class=\"elementor-heading-title elementor-size-default\">Nuestra Empresa<\/h2>\t\t<\/div>\n\t\t\t\t<\/div>\n\t\t\t\t\t<\/div>\n\t\t<\/div>\n\t\t\t\t\t\t\t<\/div>\n\t\t<\/section>\n\t\t\t\t<section class=\"elementor-section elementor-top-section elementor-element elementor-element-7619cac elementor-section-boxed elementor-section-height-default elementor-section-height-default\" data-id=\"7619cac\" data-element_type=\"section\">\n\t\t\t\t\t\t<div class=\"elementor-container elementor-column-gap-default\">\n\t\t\t\t\t<div class=\"elementor-column elementor-col-100 elementor-top-column elementor-element elementor-element-cda5a7b\" data-id=\"cda5a7b\" data-element_type=\"column\">\n\t\t\t<div class=\"elementor-widget-wrap elementor-element-populated\">\n\t\t\t\t\t\t\t\t<div class=\"elementor-element elementor-element-7be5cd8 elementor-widget elementor-widget-text-editor\" data-id=\"7be5cd8\" data-element_type=\"widget\" data-widget_type=\"text-editor.default\">\n\t\t\t\t<div class=\"elementor-widget-container\">\n\t\t\t<style>\/*! elementor - v3.5.5 - 03-02-2022 *\/\n.elementor-widget-text-editor.elementor-drop-cap-view-stacked .elementor-drop-cap{background-color:#818a91;color:#fff}.elementor-widget-text-editor.elementor-drop-cap-view-framed .elementor-drop-cap{color:#818a91;border:3px solid;background-color:transparent}.elementor-widget-text-editor:not(.elementor-drop-cap-view-default) .elementor-drop-cap{margin-top:8px}.elementor-widget-text-editor:not(.elementor-drop-cap-view-default) .elementor-drop-cap-letter{width:1em;height:1em}.elementor-widget-text-editor .elementor-drop-cap{float:left;text-align:center;line-height:1;font-size:50px}.elementor-widget-text-editor .elementor-drop-cap-letter{display:inline-block}<\/style>\t\t\t\t<p><span class=\"fontstyle0\">Mullein, S.A. de C.V<\/span><span class=\"fontstyle0\">. es una empresa especializada en los ramos de suministros y servicios, ofreciendo soluciones<br \/>integrales a todo tipo de requerimiento en los sectores privado, gubernamental e industrial, mediante productos<br \/>y soluciones para las diferentes empresas locales, regionales y nacionales, buscando siempre ser la mejor opci\u00f3n<br \/>para nuestros clientes.<br \/>Hablar de <\/span><span class=\"fontstyle0\">Mullein, S.A. de C.V. <\/span><span class=\"fontstyle0\">es hablar de honestidad, precio, calidad y servicio, pues tenemos como objetivo<br \/>principal brindar a nuestros clientes productos de la mejor calidad con precios ampliamente competitivos,<br \/>acompa\u00f1ado siempre de un servicio completo y eficaz que nos resalte entre las otras opciones.<\/span><\/p><p><span class=\"fontstyle0\">Ofrecemos soluciones y productos de calidad gracias a las alianzas comerciales con las mejores marcas y<br \/>condiciones, esperando siempre ahorros considerables en los procesos de nuestros clientes y sobre todo<br \/>brindando el mejor tiempo de entrega al responder lo m\u00e1s r\u00e1pido posible en situaciones de urgencias.<\/span><\/p><p><span class=\"fontstyle0\">\u00a0<\/span><\/p>\t\t\t\t\t\t<\/div>\n\t\t\t\t<\/div>\n\t\t\t\t\t<\/div>\n\t\t<\/div>\n\t\t\t\t\t\t\t<\/div>\n\t\t<\/section>\n\t\t\t\t<section class=\"elementor-section elementor-top-section elementor-element elementor-element-a9db3fa elementor-section-boxed elementor-section-height-default elementor-section-height-default\" data-id=\"a9db3fa\" data-element_type=\"section\">\n\t\t\t\t\t\t<div class=\"elementor-container elementor-column-gap-default\">\n\t\t\t\t\t<div class=\"elementor-column elementor-col-50 elementor-top-column elementor-element elementor-element-951217d\" data-id=\"951217d\" data-element_type=\"column\">\n\t\t\t<div class=\"elementor-widget-wrap elementor-element-populated\">\n\t\t\t\t\t\t\t\t<div class=\"elementor-element elementor-element-40095cf elementor-widget__width-auto elementor-widget elementor-widget-image\" data-id=\"40095cf\" data-element_type=\"widget\" data-widget_type=\"image.default\">\n\t\t\t\t<div class=\"elementor-widget-container\">\n\t\t\t<style>\/*! elementor - v3.5.5 - 03-02-2022 *\/\n.elementor-widget-image{text-align:center}.elementor-widget-image a{display:inline-block}.elementor-widget-image a img[src$=\".svg\"]{width:48px}.elementor-widget-image img{vertical-align:middle;display:inline-block}<\/style>\t\t\t\t\t\t\t\t\t\t\t\t<img width=\"799\" height=\"328\" src=\"https:\/\/mullein.mx\/wp-content\/uploads\/2022\/02\/SUMINISTRO-1.jpg\" class=\"attachment-large size-large\" alt=\"\" loading=\"lazy\" srcset=\"https:\/\/mullein.mx\/wp-content\/uploads\/2022\/02\/SUMINISTRO-1.jpg 799w, https:\/\/mullein.mx\/wp-content\/uploads\/2022\/02\/SUMINISTRO-1-300x123.jpg 300w, https:\/\/mullein.mx\/wp-content\/uploads\/2022\/02\/SUMINISTRO-1-768x315.jpg 768w\" sizes=\"(max-width: 799px) 100vw, 799px\" \/>\t\t\t\t\t\t\t\t\t\t\t\t\t\t\t<\/div>\n\t\t\t\t<\/div>\n\t\t\t\t\t<\/div>\n\t\t<\/div>\n\t\t\t\t<div class=\"elementor-column elementor-col-50 elementor-top-column elementor-element elementor-element-6cef31c\" data-id=\"6cef31c\" data-element_type=\"column\">\n\t\t\t<div class=\"elementor-widget-wrap elementor-element-populated\">\n\t\t\t\t\t\t\t\t<div class=\"elementor-element elementor-element-9a36f63 elementor-widget elementor-widget-image\" data-id=\"9a36f63\" data-element_type=\"widget\" data-widget_type=\"image.default\">\n\t\t\t\t<div class=\"elementor-widget-container\">\n\t\t\t\t\t\t\t\t\t\t\t\t\t\t\t<img width=\"664\" height=\"441\" src=\"https:\/\/mullein.mx\/wp-content\/uploads\/2022\/02\/EQUIPO.jpg\" class=\"attachment-large size-large\" alt=\"\" loading=\"lazy\" srcset=\"https:\/\/mullein.mx\/wp-content\/uploads\/2022\/02\/EQUIPO.jpg 664w, https:\/\/mullein.mx\/wp-content\/uploads\/2022\/02\/EQUIPO-300x199.jpg 300w\" sizes=\"(max-width: 664px) 100vw, 664px\" \/>\t\t\t\t\t\t\t\t\t\t\t\t\t\t\t<\/div>\n\t\t\t\t<\/div>\n\t\t\t\t\t<\/div>\n\t\t<\/div>\n\t\t\t\t\t\t\t<\/div>\n\t\t<\/section>\n\t\t\t\t<section class=\"elementor-section elementor-top-section elementor-element elementor-element-038e852 elementor-section-boxed elementor-section-height-default elementor-section-height-default\" data-id=\"038e852\" data-element_type=\"section\">\n\t\t\t\t\t\t<div class=\"elementor-container elementor-column-gap-default\">\n\t\t\t\t\t<div class=\"elementor-column elementor-col-100 elementor-top-column elementor-element elementor-element-458bf7d\" data-id=\"458bf7d\" data-element_type=\"column\">\n\t\t\t<div class=\"elementor-widget-wrap elementor-element-populated\">\n\t\t\t\t\t\t\t\t<div class=\"elementor-element elementor-element-1ba648b elementor-widget elementor-widget-text-editor\" data-id=\"1ba648b\" data-element_type=\"widget\" data-widget_type=\"text-editor.default\">\n\t\t\t\t<div class=\"elementor-widget-container\">\n\t\t\t\t\t\t\t<p><span class=\"fontstyle0\"><strong>Misi\u00f3n, Visi\u00f3n y Valores.<\/strong><\/span><\/p><p><span class=\"fontstyle0\">Nuestra misi\u00f3n es mantener la satisfacci\u00f3n constante de nuestros clientes en cuanto a la calidad de nuestros<br>productos y servicios lo que les permitir\u00e1 agilizar sus procesos de operaci\u00f3n. Queremos hacer que las empresas<br>nacionales cuenten con productos, equipos y soluciones con la mejor tecnolog\u00eda de punta y alta calidad,<br>entregando a nuestros clientes absoluta garant\u00eda sobre los productos y servicios suministrados, logrando con<br>esto relaciones comerciales exitosas, gracias a la calidad de los productos y el profesionalismo de nuestro<br>personal.<\/span><\/p><p><span class=\"fontstyle0\"><br>Nuestra visi\u00f3n es ser una empresa con un liderazgo firme y contin\u00fao ofreciendo calidad y buen precio siempre.<br>Nuestro principal objetivo es la honestidad, responsabilidad, lealtad y honradez en todo lo que ofrecemos<br>expresando siempre la manera en que trabajamos.<\/span><\/p><p><span class=\"fontstyle0\"><br>Nuestro trabajo en equipo nos da la fuerza necesaria para mejorar continuamente y obtener mejores<br>resultados, reflejado en la satisfacci\u00f3n de nuestros clientes por el servicio recibido<\/span><\/p>\t\t\t\t\t\t<\/div>\n\t\t\t\t<\/div>\n\t\t\t\t\t<\/div>\n\t\t<\/div>\n\t\t\t\t\t\t\t<\/div>\n\t\t<\/section>\n\t\t\t\t\t\t<\/div>\n\t\t\t\t\t<\/div>\n\t\t","protected":false},"excerpt":{"rendered":"<p>Nuestra Empresa Mullein, S.A. de C.V. es una empresa especializada en los ramos de suministros y servicios, ofreciendo solucionesintegrales a todo tipo de requerimiento en los sectores privado, gubernamental e industrial, mediante productosy soluciones para las diferentes empresas locales, regionales y nacionales, buscando siempre ser la mejor opci\u00f3npara nuestros clientes.Hablar de Mullein, S.A. de C.V. &hellip;<\/p>\n<p class=\"read-more\"> <a class=\"\" href=\"https:\/\/mullein.mx\/index.php\/about\/\"> <span class=\"screen-reader-text\">Empresa<\/span> Leer m\u00e1s &raquo;<\/a><\/p>\n","protected":false},"author":1,"featured_media":0,"parent":0,"menu_order":0,"comment_status":"closed","ping_status":"closed","template":"","meta":{"site-sidebar-layout":"no-sidebar","site-content-layout":"page-builder","ast-main-header-display":"","ast-hfb-above-header-display":"","ast-hfb-below-header-display":"","ast-hfb-mobile-header-display":"","site-post-title":"disabled","ast-breadcrumbs-content":"","ast-featured-img":"disabled","footer-sml-layout":"","theme-transparent-header-meta":"enabled","adv-header-id-meta":"","stick-header-meta":"","header-above-stick-meta":"","header-main-stick-meta":"","header-below-stick-meta":""},"_links":{"self":[{"href":"https:\/\/mullein.mx\/index.php\/wp-json\/wp\/v2\/pages\/301"}],"collection":[{"href":"https:\/\/mullein.mx\/index.php\/wp-json\/wp\/v2\/pages"}],"about":[{"href":"https:\/\/mullein.mx\/index.php\/wp-json\/wp\/v2\/types\/page"}],"author":[{"embeddable":true,"href":"https:\/\/mullein.mx\/index.php\/wp-json\/wp\/v2\/users\/1"}],"replies":[{"embeddable":true,"href":"https:\/\/mullein.mx\/index.php\/wp-json\/wp\/v2\/comments?post=301"}],"version-history":[{"count":75,"href":"https:\/\/mullein.mx\/index.php\/wp-json\/wp\/v2\/pages\/301\/revisions"}],"predecessor-version":[{"id":816,"href":"https:\/\/mullein.mx\/index.php\/wp-json\/wp\/v2\/pages\/301\/revisions\/816"}],"wp:attachment":[{"href":"https:\/\/mullein.mx\/index.php\/wp-json\/wp\/v2\/media?parent=301"}],"curies":[{"name":"wp","href":"https:\/\/api.w.org\/{rel}","templated":true}]}}